{"id":76,"date":"2016-03-11T12:33:50","date_gmt":"2016-03-11T11:33:50","guid":{"rendered":"http:\/\/www.aufkleber-druck-profi.de\/?page_id=76"},"modified":"2017-10-24T14:38:53","modified_gmt":"2017-10-24T12:38:53","slug":"aufgaben-einer-full-service-agentur","status":"publish","type":"page","link":"http:\/\/full-service-profi.de\/?page_id=76","title":{"rendered":"Aufgaben einer Full-Service-Agentur"},"content":{"rendered":"<p>In einer Werbeagentur fallen tagt\u00e4glich die unterschiedlichsten Aufgaben an. Entsprechend der zahlreichen Aufgabenfelder bzw. T\u00e4tigkeiten gibt es auch eine Vielzahl an Berufsbildern innerhalb einer Werbeagentur.<\/p>\n<p>Nachfolgend werden kurz die wichtigsten Berufe beschrieben, die es in einer Werbeagentur gibt.<\/p>\n<p>Je nach Gr\u00f6\u00dfe und Art der Werbeagentur, sind weitere Berufsbilder m\u00f6glich.<\/p>\n<p>Insbesondere in den Gro\u00dfagenturen, die auch die gro\u00dfen Unternehmen in unserem Land betreuen.<\/p>\n<p>&nbsp;<\/p>\n<p>Kundenberatung<br \/>\nIm Bereich Kundenberatung sind Kundenberater (auch Account-Manager genannt), Etatdirektoren (Account Supervisor) und Junior- Kontakter t\u00e4tig.<\/p>\n<p>Kundenberater stellen die Schnittstelle zwischen Kunde und Werbeagentur dar.<\/p>\n<p>Sie nehmen die Auftragserteilung (das so genannte Briefing) des Kunden zur Medienproduktion entgegen und geben sie an die Agentur weiter.<\/p>\n<p>Kundenberater sind w\u00e4hrend des gesamten Auftrags fu\u0308r die Koordination des Auftrags in der Agentur verantwortlich.<\/p>\n<p>Ein oder mehrere Account-Supervisors leiten die Kundenberatung in den Agenturen.<\/p>\n<p>Die Junior-Kontakter sind den Account-Supervisors untergeordnet und bilden innerhalb der Werbeagentur die Vorstufe zum Kundenberater.<\/p>\n<p>&nbsp;<\/p>\n<p>&nbsp;<\/p>\n<p>Werbevorbereitung<br \/>\nIn einer Werbeagentur gibt es auch Berufe, durch die wiederum Dienstleistungen fu\u0308r verschiedene Abteilungen innerhalb der Werbeagentur angeboten werden k\u00f6nnen.<\/p>\n<p>Zu diesen Berufen z\u00e4hlen Marketingberater und Marktforscher.<\/p>\n<p>Marketingberater beraten die Kundenberater bezu\u0308glich Preis-, Produkt- und Vertriebspolitik.<\/p>\n<p>Marketingberater arbeiten au\u00dferdem eng mit der Gesch\u00e4ftsleitung zusammen, wenn es um die Neugewinnung von Kunden und Auftr\u00e4gen geht (auch Akquise genannt).<\/p>\n<p>Marktforscher unterstu\u0308tzen die Abteilungen Kundenberatung und Gestaltung mit ihrem Fachwissen.<\/p>\n<p>Sie sind fu\u0308r die Durchfu\u0308hrung von Tests verantwortlich und nehmen Markt- und Wettbewerbsanalysen vor.<\/p>\n<p>&nbsp;<\/p>\n<p>&nbsp;<\/p>\n<p>Kreativ-Abteilung<br \/>\nIn der Kreativabteilung einer Werbeagentur ergeben sich Berufe wie Art-Direktor, Werbetexter, Fotograf, Grafikdesigner, Layouter, Producer und Traffic-Manager.<\/p>\n<p>Der Art Director entwickelt zusammen mit Kontakter und Texter L\u00f6sungen fu\u0308r Bilder, Texte und Typografie und arbeitet an der Realisierung der Werbekonzeption in einzelne Werbemittel.<\/p>\n<p>Der Art Director erarbeitet au\u00dferdem gestalterische Vorschl\u00e4ge fu\u0308r Ma\u00dfnahmen der Verkaufsf\u00f6rderung.<\/p>\n<p>Texter kreieren Werbetexte und erg\u00e4nzen die Layouter in ihrer Arbeit.<\/p>\n<p>Fotografen liefern das passende Bildmaterial.<\/p>\n<p>Gemeinsam werden Text und Bilder in einem Layout zum gewu\u0308nschten Endprodukt zusammengefu\u0308gt.<\/p>\n<p>Die Produktioner (auch Producer genannt) setzen Werbemittel um, ku\u0308mmert sich um die Herstellung von Druckvorlagen und pru\u0308fen bzw. best\u00e4tigen Reinzeichnungen sowie (farbverbindliche) Andrucke in den Druckereien.<\/p>\n<p>Unterstu\u0308tzt wird der Produktioner vom Traffic-Manager, der fu\u0308r die Terminplanung und Terminu\u0308berwachung zust\u00e4ndig ist.<\/p>\n<p>Traffic-Manager ku\u0308mmern sich weiterhin um die Rechnungslegung.<\/p>\n<p>&nbsp;<\/p>\n<p>&nbsp;<\/p>\n<p>Media-Abteilung<br \/>\nDie Media-Abteilung wird vom Medialeiter (auch Media-Director genannt) geleitet.<\/p>\n<p>Er tr\u00e4gt die Verantwortung fu\u0308r den kompletten Mediaprozess.<\/p>\n<p>Dieser umfasst Mediaanalyse, Mediaplanung und Mediaselektion sowie Einsatz und Kontrolle aller Medien.<\/p>\n<p>&nbsp;<\/p>\n<p>&nbsp;<\/p>\n<p>Verwaltung<br \/>\nIn der Verwaltungs-Abteilung werden alle administrativen Aufgaben erledigt.<\/p>\n<p>Siehe dazu auch vorherige Rubrik, Punkt 4 Hauptabteilungen.<\/p>\n","protected":false},"excerpt":{"rendered":"<p>In einer Werbeagentur fallen tagt\u00e4glich die unterschiedlichsten Aufgaben an. Entsprechend der zahlreichen Aufgabenfelder bzw. T\u00e4tigkeiten gibt es auch eine Vielzahl<\/p>\n","protected":false},"author":1,"featured_media":0,"parent":0,"menu_order":0,"comment_status":"closed","ping_status":"closed","template":"","meta":{"footnotes":""},"_links":{"self":[{"href":"http:\/\/full-service-profi.de\/index.php?rest_route=\/wp\/v2\/pages\/76"}],"collection":[{"href":"http:\/\/full-service-profi.de\/index.php?rest_route=\/wp\/v2\/pages"}],"about":[{"href":"http:\/\/full-service-profi.de\/index.php?rest_route=\/wp\/v2\/types\/page"}],"author":[{"embeddable":true,"href":"http:\/\/full-service-profi.de\/index.php?rest_route=\/wp\/v2\/users\/1"}],"replies":[{"embeddable":true,"href":"http:\/\/full-service-profi.de\/index.php?rest_route=%2Fwp%2Fv2%2Fcomments&post=76"}],"version-history":[{"count":4,"href":"http:\/\/full-service-profi.de\/index.php?rest_route=\/wp\/v2\/pages\/76\/revisions"}],"predecessor-version":[{"id":294,"href":"http:\/\/full-service-profi.de\/index.php?rest_route=\/wp\/v2\/pages\/76\/revisions\/294"}],"wp:attachment":[{"href":"http:\/\/full-service-profi.de\/index.php?rest_route=%2Fwp%2Fv2%2Fmedia&parent=76"}],"curies":[{"name":"wp","href":"https:\/\/api.w.org\/{rel}","templated":true}]}}